{"id":899,"date":"2025-06-25T00:00:24","date_gmt":"2025-06-25T00:00:24","guid":{"rendered":"https:\/\/marostudio.com.br\/?page_id=899"},"modified":"2025-06-25T00:04:05","modified_gmt":"2025-06-25T00:04:05","slug":"beleza-da-noiva-e-noivo","status":"publish","type":"page","link":"https:\/\/marostudio.com.br\/index.php\/beleza-da-noiva-e-noivo\/","title":{"rendered":"Beleza da Noiva e Noivo"},"content":{"rendered":"\t\t<div data-elementor-type=\"wp-page\" data-elementor-id=\"899\" class=\"elementor elementor-899\">\n\t\t\t\t<div class=\"elementor-element elementor-element-a5d1d72 e-flex e-con-boxed e-con e-parent\" data-id=\"a5d1d72\" data-element_type=\"container\" data-e-type=\"container\">\n\t\t\t\t\t<div class=\"e-con-inner\">\n\t\t\t\t<div class=\"elementor-element elementor-element-78758be elementor-widget elementor-widget-heading\" data-id=\"78758be\" data-element_type=\"widget\" data-e-type=\"widget\" data-widget_type=\"heading.default\">\n\t\t\t\t<div class=\"elementor-widget-container\">\n\t\t\t\t\t<h2 class=\"elementor-heading-title elementor-size-default\">Beleza da Noiva e Noivo<\/h2>\t\t\t\t<\/div>\n\t\t\t\t<\/div>\n\t\t\t\t\t<\/div>\n\t\t\t\t<\/div>\n\t\t<div class=\"elementor-element elementor-element-fbf770c e-flex e-con-boxed e-con e-parent\" data-id=\"fbf770c\" data-element_type=\"container\" data-e-type=\"container\">\n\t\t\t\t\t<div class=\"e-con-inner\">\n\t\t<div class=\"elementor-element elementor-element-4ef4d6f e-con-full e-flex elementor-invisible e-con e-child\" data-id=\"4ef4d6f\" data-element_type=\"container\" data-e-type=\"container\" data-settings=\"{&quot;background_background&quot;:&quot;classic&quot;,&quot;animation&quot;:&quot;fadeInLeft&quot;}\">\n\t\t\t\t<div class=\"elementor-element elementor-element-296762e elementor-widget elementor-widget-heading\" data-id=\"296762e\" data-element_type=\"widget\" data-e-type=\"widget\" data-widget_type=\"heading.default\">\n\t\t\t\t<div class=\"elementor-widget-container\">\n\t\t\t\t\t<h2 class=\"elementor-heading-title elementor-size-default\">Noivo<\/h2>\t\t\t\t<\/div>\n\t\t\t\t<\/div>\n\t\t\t\t<div class=\"elementor-element elementor-element-46e78ac elementor-widget elementor-widget-text-editor\" data-id=\"46e78ac\" data-element_type=\"widget\" data-e-type=\"widget\" data-widget_type=\"text-editor.default\">\n\t\t\t\t<div class=\"elementor-widget-container\">\n\t\t\t\t\t\t\t\t\t<p>Oferecemos uma gama completa de servi\u00e7os para o grande dia da noivo. Cortes de Cabe\u00e7o, Penteados, Tratamentos Faciais e Corporais e Spa.<\/p>\t\t\t\t\t\t\t\t<\/div>\n\t\t\t\t<\/div>\n\t\t\t\t<\/div>\n\t\t<div class=\"elementor-element elementor-element-8891693 e-con-full e-flex elementor-invisible e-con e-child\" data-id=\"8891693\" data-element_type=\"container\" data-e-type=\"container\" data-settings=\"{&quot;background_background&quot;:&quot;classic&quot;,&quot;animation&quot;:&quot;fadeInDown&quot;}\">\n\t\t\t\t<div class=\"elementor-element elementor-element-1ec9bf7 elementor-widget elementor-widget-heading\" data-id=\"1ec9bf7\" data-element_type=\"widget\" data-e-type=\"widget\" data-widget_type=\"heading.default\">\n\t\t\t\t<div class=\"elementor-widget-container\">\n\t\t\t\t\t<h2 class=\"elementor-heading-title elementor-size-default\">Noiva<\/h2>\t\t\t\t<\/div>\n\t\t\t\t<\/div>\n\t\t\t\t<div class=\"elementor-element elementor-element-3919541 elementor-widget elementor-widget-text-editor\" data-id=\"3919541\" data-element_type=\"widget\" data-e-type=\"widget\" data-widget_type=\"text-editor.default\">\n\t\t\t\t<div class=\"elementor-widget-container\">\n\t\t\t\t\t\t\t\t\t<p>Oferecemos uma gama completa de servi\u00e7os para o grande dia da noiva. Maquiagem, Penteados, Tratamentos Faciais e Corporais e Spa.<\/p>\t\t\t\t\t\t\t\t<\/div>\n\t\t\t\t<\/div>\n\t\t\t\t<\/div>\n\t\t\t\t\t<\/div>\n\t\t\t\t<\/div>\n\t\t\t\t<\/div>\n\t\t","protected":false},"excerpt":{"rendered":"<p>Beleza da Noiva e Noivo Noivo Oferecemos uma gama completa de servi\u00e7os para o grande dia da noivo. Cortes de Cabe\u00e7o, Penteados, Tratamentos Faciais e Corporais e Spa. Noiva Oferecemos uma gama completa de servi\u00e7os para o grande dia da noiva. Maquiagem, Penteados, Tratamentos Faciais e Corporais e Spa.<\/p>\n","protected":false},"author":2,"featured_media":0,"parent":0,"menu_order":0,"comment_status":"closed","ping_status":"closed","template":"elementor_header_footer","meta":{"_eb_attr":"","_joinchat":[],"footnotes":""},"class_list":["post-899","page","type-page","status-publish","hentry"],"_links":{"self":[{"href":"https:\/\/marostudio.com.br\/index.php\/wp-json\/wp\/v2\/pages\/899","targetHints":{"allow":["GET"]}}],"collection":[{"href":"https:\/\/marostudio.com.br\/index.php\/wp-json\/wp\/v2\/pages"}],"about":[{"href":"https:\/\/marostudio.com.br\/index.php\/wp-json\/wp\/v2\/types\/page"}],"author":[{"embeddable":true,"href":"https:\/\/marostudio.com.br\/index.php\/wp-json\/wp\/v2\/users\/2"}],"replies":[{"embeddable":true,"href":"https:\/\/marostudio.com.br\/index.php\/wp-json\/wp\/v2\/comments?post=899"}],"version-history":[{"count":7,"href":"https:\/\/marostudio.com.br\/index.php\/wp-json\/wp\/v2\/pages\/899\/revisions"}],"predecessor-version":[{"id":909,"href":"https:\/\/marostudio.com.br\/index.php\/wp-json\/wp\/v2\/pages\/899\/revisions\/909"}],"wp:attachment":[{"href":"https:\/\/marostudio.com.br\/index.php\/wp-json\/wp\/v2\/media?parent=899"}],"curies":[{"name":"wp","href":"https:\/\/api.w.org\/{rel}","templated":true}]}}