{"id":879,"date":"2025-06-24T22:45:31","date_gmt":"2025-06-24T22:45:31","guid":{"rendered":"https:\/\/marostudio.com.br\/?page_id=879"},"modified":"2025-06-24T23:41:07","modified_gmt":"2025-06-24T23:41:07","slug":"manicure-pedicure-nail-designer","status":"publish","type":"page","link":"https:\/\/marostudio.com.br\/index.php\/manicure-pedicure-nail-designer\/","title":{"rendered":"Manicure Pedicure Nail Designer"},"content":{"rendered":"\t\t<div data-elementor-type=\"wp-page\" data-elementor-id=\"879\" class=\"elementor elementor-879\">\n\t\t\t\t<div class=\"elementor-element elementor-element-e5017c1 e-flex e-con-boxed e-con e-parent\" data-id=\"e5017c1\" data-element_type=\"container\" data-e-type=\"container\">\n\t\t\t\t\t<div class=\"e-con-inner\">\n\t\t\t\t<div class=\"elementor-element elementor-element-bc1dbcd elementor-widget elementor-widget-heading\" data-id=\"bc1dbcd\" data-element_type=\"widget\" data-e-type=\"widget\" data-widget_type=\"heading.default\">\n\t\t\t\t<div class=\"elementor-widget-container\">\n\t\t\t\t\t<h2 class=\"elementor-heading-title elementor-size-default\">Manicure, Pedicure e Nail Designer<\/h2>\t\t\t\t<\/div>\n\t\t\t\t<\/div>\n\t\t\t\t\t<\/div>\n\t\t\t\t<\/div>\n\t\t<div class=\"elementor-element elementor-element-a1dae96 e-flex e-con-boxed e-con e-parent\" data-id=\"a1dae96\" data-element_type=\"container\" data-e-type=\"container\">\n\t\t\t\t\t<div class=\"e-con-inner\">\n\t\t<div class=\"elementor-element elementor-element-6fe18f5 e-con-full e-flex elementor-invisible e-con e-child\" data-id=\"6fe18f5\" data-element_type=\"container\" data-e-type=\"container\" data-settings=\"{&quot;background_background&quot;:&quot;classic&quot;,&quot;animation&quot;:&quot;fadeInLeft&quot;}\">\n\t\t\t\t<div class=\"elementor-element elementor-element-3e0a81a elementor-widget elementor-widget-heading\" data-id=\"3e0a81a\" data-element_type=\"widget\" data-e-type=\"widget\" data-widget_type=\"heading.default\">\n\t\t\t\t<div class=\"elementor-widget-container\">\n\t\t\t\t\t<h2 class=\"elementor-heading-title elementor-size-default\">Reflexologia Podal<\/h2>\t\t\t\t<\/div>\n\t\t\t\t<\/div>\n\t\t\t\t<div class=\"elementor-element elementor-element-a5aae5d elementor-widget elementor-widget-text-editor\" data-id=\"a5aae5d\" data-element_type=\"widget\" data-e-type=\"widget\" data-widget_type=\"text-editor.default\">\n\t\t\t\t<div class=\"elementor-widget-container\">\n\t\t\t\t\t\t\t\t\t<p>T\u00e9cnica terap\u00eautica que aplica press\u00e3o em pontos espec\u00edficos dos p\u00e9s para melhorar o bem-estar geral.<\/p>\t\t\t\t\t\t\t\t<\/div>\n\t\t\t\t<\/div>\n\t\t\t\t<\/div>\n\t\t<div class=\"elementor-element elementor-element-3962544 e-con-full e-flex elementor-invisible e-con e-child\" data-id=\"3962544\" data-element_type=\"container\" data-e-type=\"container\" data-settings=\"{&quot;background_background&quot;:&quot;classic&quot;,&quot;animation&quot;:&quot;fadeInDown&quot;}\">\n\t\t\t\t<div class=\"elementor-element elementor-element-9910d3c elementor-widget elementor-widget-heading\" data-id=\"9910d3c\" data-element_type=\"widget\" data-e-type=\"widget\" data-widget_type=\"heading.default\">\n\t\t\t\t<div class=\"elementor-widget-container\">\n\t\t\t\t\t<h2 class=\"elementor-heading-title elementor-size-default\">Tratamento para Fissuras Calc\u00e2neas<\/h2>\t\t\t\t<\/div>\n\t\t\t\t<\/div>\n\t\t\t\t<div class=\"elementor-element elementor-element-7db4d4b elementor-widget elementor-widget-text-editor\" data-id=\"7db4d4b\" data-element_type=\"widget\" data-e-type=\"widget\" data-widget_type=\"text-editor.default\">\n\t\t\t\t<div class=\"elementor-widget-container\">\n\t\t\t\t\t\t\t\t\t<p>Cuidado especial para rachaduras nos calcanhares, promovendo a cicatriza\u00e7\u00e3o e prevenindo fissuras.<\/p>\t\t\t\t\t\t\t\t<\/div>\n\t\t\t\t<\/div>\n\t\t\t\t<\/div>\n\t\t<div class=\"elementor-element elementor-element-094c037 e-con-full e-flex elementor-invisible e-con e-child\" data-id=\"094c037\" data-element_type=\"container\" data-e-type=\"container\" data-settings=\"{&quot;background_background&quot;:&quot;classic&quot;,&quot;animation&quot;:&quot;fadeInRight&quot;}\">\n\t\t\t\t<div class=\"elementor-element elementor-element-2c48c0f elementor-widget elementor-widget-heading\" data-id=\"2c48c0f\" data-element_type=\"widget\" data-e-type=\"widget\" data-widget_type=\"heading.default\">\n\t\t\t\t<div class=\"elementor-widget-container\">\n\t\t\t\t\t<h2 class=\"elementor-heading-title elementor-size-default\">Hidrata\u00e7\u00e3o Profunda<\/h2>\t\t\t\t<\/div>\n\t\t\t\t<\/div>\n\t\t\t\t<div class=\"elementor-element elementor-element-e3020b0 elementor-widget elementor-widget-text-editor\" data-id=\"e3020b0\" data-element_type=\"widget\" data-e-type=\"widget\" data-widget_type=\"text-editor.default\">\n\t\t\t\t<div class=\"elementor-widget-container\">\n\t\t\t\t\t\t\t\t\t<p>Tratamentos que envolvem esfolia\u00e7\u00e3o e aplica\u00e7\u00e3o de cremes hidratantes, deixando a pele dos p\u00e9s macia e suave.<\/p>\t\t\t\t\t\t\t\t<\/div>\n\t\t\t\t<\/div>\n\t\t\t\t<\/div>\n\t\t\t\t\t<\/div>\n\t\t\t\t<\/div>\n\t\t<div class=\"elementor-element elementor-element-0429473 e-flex e-con-boxed e-con e-parent\" data-id=\"0429473\" data-element_type=\"container\" data-e-type=\"container\">\n\t\t\t\t\t<div class=\"e-con-inner\">\n\t\t<div class=\"elementor-element elementor-element-1c588c0 e-con-full e-flex elementor-invisible e-con e-child\" data-id=\"1c588c0\" data-element_type=\"container\" data-e-type=\"container\" data-settings=\"{&quot;background_background&quot;:&quot;classic&quot;,&quot;animation&quot;:&quot;fadeInLeft&quot;}\">\n\t\t\t\t<div class=\"elementor-element elementor-element-be5f174 elementor-widget elementor-widget-heading\" data-id=\"be5f174\" data-element_type=\"widget\" data-e-type=\"widget\" data-widget_type=\"heading.default\">\n\t\t\t\t<div class=\"elementor-widget-container\">\n\t\t\t\t\t<h2 class=\"elementor-heading-title elementor-size-default\">Tratamento de Unhas Encravadas<\/h2>\t\t\t\t<\/div>\n\t\t\t\t<\/div>\n\t\t\t\t<div class=\"elementor-element elementor-element-a0181ca elementor-widget elementor-widget-text-editor\" data-id=\"a0181ca\" data-element_type=\"widget\" data-e-type=\"widget\" data-widget_type=\"text-editor.default\">\n\t\t\t\t<div class=\"elementor-widget-container\">\n\t\t\t\t\t\t\t\t\t<p>Procedimentos especializados para corrigir unhas encravadas, prevenindo infec\u00e7\u00f5es e aliviando a dor.<\/p>\t\t\t\t\t\t\t\t<\/div>\n\t\t\t\t<\/div>\n\t\t\t\t<\/div>\n\t\t<div class=\"elementor-element elementor-element-01342e8 e-con-full e-flex elementor-invisible e-con e-child\" data-id=\"01342e8\" data-element_type=\"container\" data-e-type=\"container\" data-settings=\"{&quot;background_background&quot;:&quot;classic&quot;,&quot;animation&quot;:&quot;fadeInDown&quot;}\">\n\t\t\t\t<div class=\"elementor-element elementor-element-0d7ec5f elementor-widget elementor-widget-heading\" data-id=\"0d7ec5f\" data-element_type=\"widget\" data-e-type=\"widget\" data-widget_type=\"heading.default\">\n\t\t\t\t<div class=\"elementor-widget-container\">\n\t\t\t\t\t<h2 class=\"elementor-heading-title elementor-size-default\">Orienta\u00e7\u00e3o e Cuidados Preventivos<\/h2>\t\t\t\t<\/div>\n\t\t\t\t<\/div>\n\t\t\t\t<div class=\"elementor-element elementor-element-aefff8f elementor-widget elementor-widget-text-editor\" data-id=\"aefff8f\" data-element_type=\"widget\" data-e-type=\"widget\" data-widget_type=\"text-editor.default\">\n\t\t\t\t<div class=\"elementor-widget-container\">\n\t\t\t\t\t\t\t\t\t<p>Consultoria personalizada para cuidados di\u00e1rios com os p\u00e9s, prevenindo problemas comuns e mantendo a sa\u00fade podal.<\/p>\t\t\t\t\t\t\t\t<\/div>\n\t\t\t\t<\/div>\n\t\t\t\t<\/div>\n\t\t\t\t\t<\/div>\n\t\t\t\t<\/div>\n\t\t\t\t<\/div>\n\t\t","protected":false},"excerpt":{"rendered":"<p>Manicure, Pedicure e Nail Designer Reflexologia Podal T\u00e9cnica terap\u00eautica que aplica press\u00e3o em pontos espec\u00edficos dos p\u00e9s para melhorar o bem-estar geral. Tratamento para Fissuras Calc\u00e2neas Cuidado especial para rachaduras nos calcanhares, promovendo a cicatriza\u00e7\u00e3o e prevenindo fissuras. Hidrata\u00e7\u00e3o Profunda Tratamentos que envolvem esfolia\u00e7\u00e3o e aplica\u00e7\u00e3o de cremes hidratantes, deixando a pele dos p\u00e9s macia [&hellip;]<\/p>\n","protected":false},"author":2,"featured_media":0,"parent":0,"menu_order":0,"comment_status":"closed","ping_status":"closed","template":"elementor_header_footer","meta":{"_eb_attr":"","_joinchat":[],"footnotes":""},"class_list":["post-879","page","type-page","status-publish","hentry"],"_links":{"self":[{"href":"https:\/\/marostudio.com.br\/index.php\/wp-json\/wp\/v2\/pages\/879","targetHints":{"allow":["GET"]}}],"collection":[{"href":"https:\/\/marostudio.com.br\/index.php\/wp-json\/wp\/v2\/pages"}],"about":[{"href":"https:\/\/marostudio.com.br\/index.php\/wp-json\/wp\/v2\/types\/page"}],"author":[{"embeddable":true,"href":"https:\/\/marostudio.com.br\/index.php\/wp-json\/wp\/v2\/users\/2"}],"replies":[{"embeddable":true,"href":"https:\/\/marostudio.com.br\/index.php\/wp-json\/wp\/v2\/comments?post=879"}],"version-history":[{"count":13,"href":"https:\/\/marostudio.com.br\/index.php\/wp-json\/wp\/v2\/pages\/879\/revisions"}],"predecessor-version":[{"id":898,"href":"https:\/\/marostudio.com.br\/index.php\/wp-json\/wp\/v2\/pages\/879\/revisions\/898"}],"wp:attachment":[{"href":"https:\/\/marostudio.com.br\/index.php\/wp-json\/wp\/v2\/media?parent=879"}],"curies":[{"name":"wp","href":"https:\/\/api.w.org\/{rel}","templated":true}]}}