{"id":864,"date":"2025-06-24T12:07:48","date_gmt":"2025-06-24T12:07:48","guid":{"rendered":"https:\/\/marostudio.com.br\/?page_id=864"},"modified":"2025-06-24T12:15:34","modified_gmt":"2025-06-24T12:15:34","slug":"maquiagem","status":"publish","type":"page","link":"https:\/\/marostudio.com.br\/index.php\/maquiagem\/","title":{"rendered":"Maquiagem"},"content":{"rendered":"\t\t<div data-elementor-type=\"wp-page\" data-elementor-id=\"864\" class=\"elementor elementor-864\">\n\t\t\t\t<div class=\"elementor-element elementor-element-eae6c47 e-flex e-con-boxed e-con e-parent\" data-id=\"eae6c47\" data-element_type=\"container\" data-e-type=\"container\">\n\t\t\t\t\t<div class=\"e-con-inner\">\n\t\t\t\t<div class=\"elementor-element elementor-element-b6e7a7c elementor-widget elementor-widget-heading\" data-id=\"b6e7a7c\" data-element_type=\"widget\" data-e-type=\"widget\" data-widget_type=\"heading.default\">\n\t\t\t\t<div class=\"elementor-widget-container\">\n\t\t\t\t\t<h2 class=\"elementor-heading-title elementor-size-default\">Maquiagem<\/h2>\t\t\t\t<\/div>\n\t\t\t\t<\/div>\n\t\t\t\t\t<\/div>\n\t\t\t\t<\/div>\n\t\t<div class=\"elementor-element elementor-element-08d9419 e-flex e-con-boxed e-con e-parent\" data-id=\"08d9419\" data-element_type=\"container\" data-e-type=\"container\">\n\t\t\t\t\t<div class=\"e-con-inner\">\n\t\t<div class=\"elementor-element elementor-element-ae91287 e-con-full e-flex elementor-invisible e-con e-child\" data-id=\"ae91287\" data-element_type=\"container\" data-e-type=\"container\" data-settings=\"{&quot;background_background&quot;:&quot;classic&quot;,&quot;animation&quot;:&quot;fadeInLeft&quot;}\">\n\t\t\t\t<div class=\"elementor-element elementor-element-edee1e6 elementor-widget elementor-widget-heading\" data-id=\"edee1e6\" data-element_type=\"widget\" data-e-type=\"widget\" data-widget_type=\"heading.default\">\n\t\t\t\t<div class=\"elementor-widget-container\">\n\t\t\t\t\t<h2 class=\"elementor-heading-title elementor-size-default\">Fotos e V\u00eddeos<\/h2>\t\t\t\t<\/div>\n\t\t\t\t<\/div>\n\t\t\t\t<div class=\"elementor-element elementor-element-9d139e2 elementor-widget elementor-widget-text-editor\" data-id=\"9d139e2\" data-element_type=\"widget\" data-e-type=\"widget\" data-widget_type=\"text-editor.default\">\n\t\t\t\t<div class=\"elementor-widget-container\">\n\t\t\t\t\t\t\t\t\t<p>Prepara\u00e7\u00e3o especial para ensaios fotogr\u00e1ficos e grava\u00e7\u00f5es, garantindo que a maquiagem esteja impec\u00e1vel sob diferentes tipos de ilumina\u00e7\u00e3o.<\/p>\t\t\t\t\t\t\t\t<\/div>\n\t\t\t\t<\/div>\n\t\t\t\t<\/div>\n\t\t<div class=\"elementor-element elementor-element-673a2ab e-con-full e-flex elementor-invisible e-con e-child\" data-id=\"673a2ab\" data-element_type=\"container\" data-e-type=\"container\" data-settings=\"{&quot;background_background&quot;:&quot;classic&quot;,&quot;animation&quot;:&quot;fadeInDown&quot;}\">\n\t\t\t\t<div class=\"elementor-element elementor-element-034c156 elementor-widget elementor-widget-heading\" data-id=\"034c156\" data-element_type=\"widget\" data-e-type=\"widget\" data-widget_type=\"heading.default\">\n\t\t\t\t<div class=\"elementor-widget-container\">\n\t\t\t\t\t<h2 class=\"elementor-heading-title elementor-size-default\">Noivas<\/h2>\t\t\t\t<\/div>\n\t\t\t\t<\/div>\n\t\t\t\t<div class=\"elementor-element elementor-element-3d5175a elementor-widget elementor-widget-text-editor\" data-id=\"3d5175a\" data-element_type=\"widget\" data-e-type=\"widget\" data-widget_type=\"text-editor.default\">\n\t\t\t\t<div class=\"elementor-widget-container\">\n\t\t\t\t\t\t\t\t\t<p>Servi\u00e7o especializado para noivas, incluindo prova antecipada e acompanhamento no dia do casamento. Garantimos uma make perfeita e duradoura para o grande dia!<\/p>\t\t\t\t\t\t\t\t<\/div>\n\t\t\t\t<\/div>\n\t\t\t\t<\/div>\n\t\t<div class=\"elementor-element elementor-element-8aa7465 e-con-full e-flex elementor-invisible e-con e-child\" data-id=\"8aa7465\" data-element_type=\"container\" data-e-type=\"container\" data-settings=\"{&quot;background_background&quot;:&quot;classic&quot;,&quot;animation&quot;:&quot;fadeInRight&quot;}\">\n\t\t\t\t<div class=\"elementor-element elementor-element-25abb72 elementor-widget elementor-widget-heading\" data-id=\"25abb72\" data-element_type=\"widget\" data-e-type=\"widget\" data-widget_type=\"heading.default\">\n\t\t\t\t<div class=\"elementor-widget-container\">\n\t\t\t\t\t<h2 class=\"elementor-heading-title elementor-size-default\">Social<\/h2>\t\t\t\t<\/div>\n\t\t\t\t<\/div>\n\t\t\t\t<div class=\"elementor-element elementor-element-ae08f65 elementor-widget elementor-widget-text-editor\" data-id=\"ae08f65\" data-element_type=\"widget\" data-e-type=\"widget\" data-widget_type=\"text-editor.default\">\n\t\t\t\t<div class=\"elementor-widget-container\">\n\t\t\t\t\t\t\t\t\t<p>Ideal para eventos sociais, formaturas, casamentos e festas. Real\u00e7amos sua beleza natural com t\u00e9cnicas sofisticadas e produtos de alta qualidade.<\/p>\t\t\t\t\t\t\t\t<\/div>\n\t\t\t\t<\/div>\n\t\t\t\t<\/div>\n\t\t\t\t\t<\/div>\n\t\t\t\t<\/div>\n\t\t\t\t<\/div>\n\t\t","protected":false},"excerpt":{"rendered":"<p>Maquiagem Fotos e V\u00eddeos Prepara\u00e7\u00e3o especial para ensaios fotogr\u00e1ficos e grava\u00e7\u00f5es, garantindo que a maquiagem esteja impec\u00e1vel sob diferentes tipos de ilumina\u00e7\u00e3o. Noivas Servi\u00e7o especializado para noivas, incluindo prova antecipada e acompanhamento no dia do casamento. Garantimos uma make perfeita e duradoura para o grande dia! Social Ideal para eventos sociais, formaturas, casamentos e festas. [&hellip;]<\/p>\n","protected":false},"author":2,"featured_media":0,"parent":0,"menu_order":0,"comment_status":"closed","ping_status":"closed","template":"elementor_header_footer","meta":{"_eb_attr":"","_joinchat":[],"footnotes":""},"class_list":["post-864","page","type-page","status-publish","hentry"],"_links":{"self":[{"href":"https:\/\/marostudio.com.br\/index.php\/wp-json\/wp\/v2\/pages\/864","targetHints":{"allow":["GET"]}}],"collection":[{"href":"https:\/\/marostudio.com.br\/index.php\/wp-json\/wp\/v2\/pages"}],"about":[{"href":"https:\/\/marostudio.com.br\/index.php\/wp-json\/wp\/v2\/types\/page"}],"author":[{"embeddable":true,"href":"https:\/\/marostudio.com.br\/index.php\/wp-json\/wp\/v2\/users\/2"}],"replies":[{"embeddable":true,"href":"https:\/\/marostudio.com.br\/index.php\/wp-json\/wp\/v2\/comments?post=864"}],"version-history":[{"count":7,"href":"https:\/\/marostudio.com.br\/index.php\/wp-json\/wp\/v2\/pages\/864\/revisions"}],"predecessor-version":[{"id":875,"href":"https:\/\/marostudio.com.br\/index.php\/wp-json\/wp\/v2\/pages\/864\/revisions\/875"}],"wp:attachment":[{"href":"https:\/\/marostudio.com.br\/index.php\/wp-json\/wp\/v2\/media?parent=864"}],"curies":[{"name":"wp","href":"https:\/\/api.w.org\/{rel}","templated":true}]}}