{"id":522,"date":"2025-06-14T15:41:39","date_gmt":"2025-06-14T15:41:39","guid":{"rendered":"https:\/\/maro.mundodapropaganda.com.br\/?page_id=522"},"modified":"2025-06-14T15:54:24","modified_gmt":"2025-06-14T15:54:24","slug":"mariza-rodrigues","status":"publish","type":"page","link":"https:\/\/marostudio.com.br\/index.php\/mariza-rodrigues\/","title":{"rendered":"Mariza Rodrigues"},"content":{"rendered":"\t\t<div data-elementor-type=\"wp-page\" data-elementor-id=\"522\" class=\"elementor elementor-522\">\n\t\t\t\t<div class=\"elementor-element elementor-element-83d9421 e-flex e-con-boxed e-con e-parent\" data-id=\"83d9421\" data-element_type=\"container\" data-e-type=\"container\">\n\t\t\t\t\t<div class=\"e-con-inner\">\n\t\t<div class=\"elementor-element elementor-element-d21e1d9 e-con-full e-flex e-con e-child\" data-id=\"d21e1d9\" data-element_type=\"container\" data-e-type=\"container\">\n\t\t<div class=\"elementor-element elementor-element-741830f e-con-full e-flex e-con e-child\" data-id=\"741830f\" data-element_type=\"container\" data-e-type=\"container\">\n\t\t\t\t<div class=\"elementor-element elementor-element-19fb934 elementor-widget elementor-widget-heading\" data-id=\"19fb934\" data-element_type=\"widget\" data-e-type=\"widget\" data-widget_type=\"heading.default\">\n\t\t\t\t<div class=\"elementor-widget-container\">\n\t\t\t\t\t<h2 class=\"elementor-heading-title elementor-size-default\">Mariza Rodrigues - Dona Mar\u00f4<\/h2>\t\t\t\t<\/div>\n\t\t\t\t<\/div>\n\t\t\t\t<div class=\"elementor-element elementor-element-5b4d99f elementor-widget elementor-widget-text-editor\" data-id=\"5b4d99f\" data-element_type=\"widget\" data-e-type=\"widget\" data-widget_type=\"text-editor.default\">\n\t\t\t\t<div class=\"elementor-widget-container\">\n\t\t\t\t\t\t\t\t\t<p>Muito prazer me chamo Mariza Rodrigues de Oliveira, s\u00f3cia\/propriet\u00e1ria do Mar\u00f4 Studio de beleza Mariza Rodrigues. Sou de S\u00e3o Paulo capital,\u00a0 Cabeleireira, iniciei minha carreira praticamente aos 12 anos. Este Ambiente de sal\u00e3o sempre foi muito familiar para mim, pois minha m\u00e3e \u00e9 cabeleireira desde o meu nascimento.<\/p><p>Fiz meu primeiro curso aos 12 e aos 14 comecei oficialmente a estudar, passei por grandes sal\u00f5es como Jaques e Janine e Studio W (ainda em S\u00e3o Paulo) e Autier (aqui em Ribeir\u00e3o Preto), at\u00e9 nascer o Mar\u00f4<\/p><p>Sou casada com o Dani e m\u00e3e do pr\u00edncipe Miguel<\/p><p>Sou crist\u00e3, filha amada do pai, imagem e semelhan\u00e7a do criador, nasci para governar sobre todas as coisas inclusive e principalmente sobre as minhas emo\u00e7\u00f5es. ( Gen 1 :26 )<\/p><p>Adoro cuidar da minha casa, mas tamb\u00e9m me encanto nas viagens, chocolate \u00e9 meu doce preferido, adoro fotografia, scrapbook e bible journaling que \u00e9 quando mergulho nos devocionais.<\/p><p>Amo estar com minha fam\u00edlia \ud83d\ude0d Referencia no lar \ud83c\udfe0 \u00a0Meu prop\u00f3sito \u00e9 cuidar de pessoas \u2728<\/p>\t\t\t\t\t\t\t\t<\/div>\n\t\t\t\t<\/div>\n\t\t\t\t<\/div>\n\t\t\t\t<\/div>\n\t\t<div class=\"elementor-element elementor-element-5d9e2e3 e-con-full e-flex e-con e-child\" data-id=\"5d9e2e3\" data-element_type=\"container\" data-e-type=\"container\">\n\t\t\t\t<div class=\"elementor-element elementor-element-1e03980 elementor-widget elementor-widget-image\" data-id=\"1e03980\" data-element_type=\"widget\" data-e-type=\"widget\" data-widget_type=\"image.default\">\n\t\t\t\t<div class=\"elementor-widget-container\">\n\t\t\t\t\t\t\t\t\t\t\t\t\t\t\t<img fetchpriority=\"high\" decoding=\"async\" width=\"295\" height=\"362\" src=\"https:\/\/marostudio.com.br\/wp-content\/uploads\/2025\/06\/dona-maro-1.jpg\" class=\"attachment-large size-large wp-image-532\" alt=\"Dona Mar\u00f4\" srcset=\"https:\/\/marostudio.com.br\/wp-content\/uploads\/2025\/06\/dona-maro-1.jpg 295w, https:\/\/marostudio.com.br\/wp-content\/uploads\/2025\/06\/dona-maro-1-244x300.jpg 244w\" sizes=\"(max-width: 295px) 100vw, 295px\" \/>\t\t\t\t\t\t\t\t\t\t\t\t\t\t\t<\/div>\n\t\t\t\t<\/div>\n\t\t\t\t<\/div>\n\t\t\t\t\t<\/div>\n\t\t\t\t<\/div>\n\t\t\t\t<\/div>\n\t\t","protected":false},"excerpt":{"rendered":"<p>Mariza Rodrigues &#8211; Dona Mar\u00f4 Muito prazer me chamo Mariza Rodrigues de Oliveira, s\u00f3cia\/propriet\u00e1ria do Mar\u00f4 Studio de beleza Mariza Rodrigues. Sou de S\u00e3o Paulo capital,\u00a0 Cabeleireira, iniciei minha carreira praticamente aos 12 anos. Este Ambiente de sal\u00e3o sempre foi muito familiar para mim, pois minha m\u00e3e \u00e9 cabeleireira desde o meu nascimento. Fiz meu [&hellip;]<\/p>\n","protected":false},"author":2,"featured_media":0,"parent":0,"menu_order":0,"comment_status":"closed","ping_status":"closed","template":"elementor_header_footer","meta":{"_eb_attr":"","_joinchat":[],"footnotes":""},"class_list":["post-522","page","type-page","status-publish","hentry"],"_links":{"self":[{"href":"https:\/\/marostudio.com.br\/index.php\/wp-json\/wp\/v2\/pages\/522","targetHints":{"allow":["GET"]}}],"collection":[{"href":"https:\/\/marostudio.com.br\/index.php\/wp-json\/wp\/v2\/pages"}],"about":[{"href":"https:\/\/marostudio.com.br\/index.php\/wp-json\/wp\/v2\/types\/page"}],"author":[{"embeddable":true,"href":"https:\/\/marostudio.com.br\/index.php\/wp-json\/wp\/v2\/users\/2"}],"replies":[{"embeddable":true,"href":"https:\/\/marostudio.com.br\/index.php\/wp-json\/wp\/v2\/comments?post=522"}],"version-history":[{"count":10,"href":"https:\/\/marostudio.com.br\/index.php\/wp-json\/wp\/v2\/pages\/522\/revisions"}],"predecessor-version":[{"id":538,"href":"https:\/\/marostudio.com.br\/index.php\/wp-json\/wp\/v2\/pages\/522\/revisions\/538"}],"wp:attachment":[{"href":"https:\/\/marostudio.com.br\/index.php\/wp-json\/wp\/v2\/media?parent=522"}],"curies":[{"name":"wp","href":"https:\/\/api.w.org\/{rel}","templated":true}]}}